{"id":88,"date":"2024-11-14T23:27:34","date_gmt":"2024-11-14T22:27:34","guid":{"rendered":"http:\/\/brontosauripisne.cz\/?page_id=88"},"modified":"2025-11-25T16:16:23","modified_gmt":"2025-11-25T15:16:23","slug":"zpevnik","status":"publish","type":"page","link":"http:\/\/brontosauripisne.cz\/index.php\/zpevnik\/","title":{"rendered":"ZP\u011aVN\u00cdKY"},"content":{"rendered":"\n<h1 class=\"wp-block-heading has-text-align-center\" style=\"padding-top:var(--wp--preset--spacing--80);font-size:50px\">Zp\u011bvn\u00edky ke sta\u017een\u00ed<\/h1>\n\n\n\n<p class=\"has-text-align-center has-medium-font-size\">Zp\u011bvn\u00edk si m\u016f\u017eete prohl\u00ed\u017eet zde na webu nebo si je m\u016f\u017eete st\u00e1hnout tla\u010d\u00edtkem St\u00e1hnout<\/p>\n\n\n\n<div class=\"wp-block-columns is-layout-flex wp-container-core-columns-is-layout-1 wp-block-columns-is-layout-flex\">\n<div class=\"wp-block-column is-layout-flow wp-block-column-is-layout-flow\">\n<div data-wp-interactive=\"core\/file\" class=\"wp-block-file has-link-color wp-elements-4b588d615cd32e1318a49ebd9e79a26f\"><object data-wp-bind--hidden=\"!state.hasPdfPreview\"  class=\"wp-block-file__embed\" data=\"http:\/\/brontosauripisne.cz\/wp-content\/uploads\/2024\/11\/Zpevnik-trampskych-a-country-pisni-Pepa.pdf\" type=\"application\/pdf\" style=\"width:100%;height:500px\" aria-label=\"Vlo\u017eit z Zp\u011bvn\u00edk trampsk\u00fdch a country p\u00edsn\u00ed Pepa.\"><\/object><a id=\"wp-block-file--media-2e07217b-e8d0-4d8d-b975-f24cae74982f\" href=\"http:\/\/brontosauripisne.cz\/wp-content\/uploads\/2024\/11\/Zpevnik-trampskych-a-country-pisni-Pepa.pdf\">Zp\u011bvn\u00edk trampsk\u00fdch a country p\u00edsn\u00ed Pepa<\/a><a href=\"http:\/\/brontosauripisne.cz\/wp-content\/uploads\/2024\/11\/Zpevnik-trampskych-a-country-pisni-Pepa.pdf\" class=\"wp-block-file__button wp-element-button\" download aria-describedby=\"wp-block-file--media-2e07217b-e8d0-4d8d-b975-f24cae74982f\">St\u00e1hnout<\/a><\/div>\n\n\n\n<div data-wp-interactive=\"core\/file\" class=\"wp-block-file has-link-color wp-elements-44815e90b3ff33cd6a21ce2bf6f0bb46\"><object data-wp-bind--hidden=\"!state.hasPdfPreview\"  class=\"wp-block-file__embed\" data=\"http:\/\/brontosauripisne.cz\/wp-content\/uploads\/2024\/11\/Budoar-stare-damy.pdf\" type=\"application\/pdf\" style=\"width:100%;height:500px\" aria-label=\"Vlo\u017eit z Budo\u00e1r star\u00e9 d\u00e1my.\"><\/object><a id=\"wp-block-file--media-9de4136f-98e5-40e4-89de-a5232c865d26\" href=\"http:\/\/brontosauripisne.cz\/wp-content\/uploads\/2024\/11\/Budoar-stare-damy.pdf\">Budo\u00e1r star\u00e9 d\u00e1my<\/a><a href=\"http:\/\/brontosauripisne.cz\/wp-content\/uploads\/2024\/11\/Budoar-stare-damy.pdf\" class=\"wp-block-file__button wp-element-button\" download aria-describedby=\"wp-block-file--media-9de4136f-98e5-40e4-89de-a5232c865d26\">St\u00e1hnout<\/a><\/div>\n<\/div>\n\n\n\n<div class=\"wp-block-column is-layout-flow wp-block-column-is-layout-flow\">\n<div data-wp-interactive=\"core\/file\" class=\"wp-block-file has-link-color wp-elements-cb2933a602658e399ba191e3e14abb14\" style=\"padding-top:0\"><object data-wp-bind--hidden=\"!state.hasPdfPreview\"  class=\"wp-block-file__embed\" data=\"http:\/\/brontosauripisne.cz\/wp-content\/uploads\/2025\/03\/zpevnik-brontosaurich-pisni-pro-zlidoveni-20.3.2025.pdf\" type=\"application\/pdf\" style=\"width:100%;height:500px\" aria-label=\"Vlo\u017eit z zp\u011bvn\u00edk brontosau\u0159\u00edch p\u00edsn\u00ed pro zlidov\u011bn\u00ed 20.3.2025.\"><\/object><a id=\"wp-block-file--media-bbd99c60-8d38-42bb-9483-5100b77f5c45\" href=\"http:\/\/brontosauripisne.cz\/wp-content\/uploads\/2025\/03\/zpevnik-brontosaurich-pisni-pro-zlidoveni-20.3.2025.pdf\">zp\u011bvn\u00edk brontosau\u0159\u00edch p\u00edsn\u00ed pro zlidov\u011bn\u00ed 20.3.2025<\/a><a href=\"http:\/\/brontosauripisne.cz\/wp-content\/uploads\/2025\/03\/zpevnik-brontosaurich-pisni-pro-zlidoveni-20.3.2025.pdf\" class=\"wp-block-file__button wp-element-button\" download aria-describedby=\"wp-block-file--media-bbd99c60-8d38-42bb-9483-5100b77f5c45\">St\u00e1hnout<\/a><\/div>\n\n\n\n<div data-wp-interactive=\"core\/file\" class=\"wp-block-file has-link-color wp-elements-b32d1a4f52911ec8089876924880ec15\" style=\"padding-top:0\"><object data-wp-bind--hidden=\"!state.hasPdfPreview\"  class=\"wp-block-file__embed\" data=\"http:\/\/brontosauripisne.cz\/wp-content\/uploads\/2024\/11\/Rozruch_zpevnik_2022_split_obr_final_compressed.pdf\" type=\"application\/pdf\" style=\"width:100%;height:500px\" aria-label=\"Vlo\u017eit z Rozruch zp\u011bvn\u00edk 2022.\"><\/object><a id=\"wp-block-file--media-834021af-e826-449f-9313-4e78c9808e44\" href=\"http:\/\/brontosauripisne.cz\/wp-content\/uploads\/2024\/11\/Rozruch_zpevnik_2022_split_obr_final_compressed.pdf\">Rozruch zp\u011bvn\u00edk 2022<\/a><a href=\"http:\/\/brontosauripisne.cz\/wp-content\/uploads\/2024\/11\/Rozruch_zpevnik_2022_split_obr_final_compressed.pdf\" class=\"wp-block-file__button wp-element-button\" download aria-describedby=\"wp-block-file--media-834021af-e826-449f-9313-4e78c9808e44\">St\u00e1hnout<\/a><\/div>\n<\/div>\n<\/div>\n\n\n\n<div class=\"wp-block-columns is-layout-flex wp-container-core-columns-is-layout-2 wp-block-columns-is-layout-flex\">\n<div class=\"wp-block-column is-layout-flow wp-block-column-is-layout-flow\">\n<div data-wp-interactive=\"core\/file\" class=\"wp-block-file\"><object data-wp-bind--hidden=\"!state.hasPdfPreview\"  class=\"wp-block-file__embed\" data=\"http:\/\/brontosauripisne.cz\/wp-content\/uploads\/2025\/03\/Gingo-zpevnik-2020-1.pdf\" type=\"application\/pdf\" style=\"width:100%;height:470px\" aria-label=\"Vlo\u017eit z Gingo zp\u011bvn\u00edk 2020.\"><\/object><a id=\"wp-block-file--media-63adba6d-11c6-481d-9b73-226809ad65ac\" href=\"http:\/\/brontosauripisne.cz\/wp-content\/uploads\/2025\/03\/Gingo-zpevnik-2020-1.pdf\">Gingo zp\u011bvn\u00edk 2020<\/a><a href=\"http:\/\/brontosauripisne.cz\/wp-content\/uploads\/2025\/03\/Gingo-zpevnik-2020-1.pdf\" class=\"wp-block-file__button wp-element-button\" download aria-describedby=\"wp-block-file--media-63adba6d-11c6-481d-9b73-226809ad65ac\">St\u00e1hnout<\/a><\/div>\n<\/div>\n\n\n\n<div class=\"wp-block-column is-layout-flow wp-block-column-is-layout-flow\">\n<div data-wp-interactive=\"core\/file\" class=\"wp-block-file\"><object data-wp-bind--hidden=\"!state.hasPdfPreview\"  class=\"wp-block-file__embed\" data=\"http:\/\/brontosauripisne.cz\/wp-content\/uploads\/2025\/11\/Zpevnik-na-10.11.2025-1.pdf\" type=\"application\/pdf\" style=\"width:100%;height:470px\" aria-label=\"Vlo\u017eit z Zp\u011bvn\u00edk na 10.11.2025.\"><\/object><a id=\"wp-block-file--media-10dbad39-f487-486e-a946-50254057c9eb\" href=\"http:\/\/brontosauripisne.cz\/wp-content\/uploads\/2025\/11\/Zpevnik-na-10.11.2025-1.pdf\">Zp\u011bvn\u00edk na 10.11.2025<\/a><a href=\"http:\/\/brontosauripisne.cz\/wp-content\/uploads\/2025\/11\/Zpevnik-na-10.11.2025-1.pdf\" class=\"wp-block-file__button wp-element-button\" download aria-describedby=\"wp-block-file--media-10dbad39-f487-486e-a946-50254057c9eb\">St\u00e1hnout<\/a><\/div>\n<\/div>\n<\/div>\n\n\n\n<div style=\"height:300px\" aria-hidden=\"true\" class=\"wp-block-spacer\"><\/div>\n","protected":false},"excerpt":{"rendered":"<p>Zp\u011bvn\u00edky ke sta\u017een\u00ed Zp\u011bvn\u00edk si m\u016f\u017eete prohl\u00ed\u017eet zde na webu nebo si je m\u016f\u017eete st\u00e1hnout tla\u010d\u00edtkem St\u00e1hnout<\/p>\n","protected":false},"author":1,"featured_media":0,"parent":0,"menu_order":0,"comment_status":"closed","ping_status":"closed","template":"","meta":{"site-sidebar-layout":"default","site-content-layout":"","ast-site-content-layout":"","site-content-style":"default","site-sidebar-style":"default","ast-global-header-display":"","ast-banner-title-visibility":"","ast-main-header-display":"","ast-hfb-above-header-display":"","ast-hfb-below-header-display":"","ast-hfb-mobile-header-display":"","site-post-title":"disabled","ast-breadcrumbs-content":"","ast-featured-img":"","footer-sml-layout":"","theme-transparent-header-meta":"","adv-header-id-meta":"","stick-header-meta":"","header-above-stick-meta":"","header-main-stick-meta":"","header-below-stick-meta":"","astra-migrate-meta-layouts":"default","ast-page-background-enabled":"default","ast-page-background-meta":{"desktop":{"background-color":"var(--ast-global-color-4)","background-image":"","background-repeat":"repeat","background-position":"center center","background-size":"auto","background-attachment":"scroll","background-type":"","background-media":"","overlay-type":"","overlay-color":"","overlay-opacity":"","overlay-gradient":""},"tablet":{"background-color":"","background-image":"","background-repeat":"repeat","background-position":"center center","background-size":"auto","background-attachment":"scroll","background-type":"","background-media":"","overlay-type":"","overlay-color":"","overlay-opacity":"","overlay-gradient":""},"mobile":{"background-color":"","background-image":"","background-repeat":"repeat","background-position":"center center","background-size":"auto","background-attachment":"scroll","background-type":"","background-media":"","overlay-type":"","overlay-color":"","overlay-opacity":"","overlay-gradient":""}},"ast-content-background-meta":{"desktop":{"background-color":"var(--ast-global-color-5)","background-image":"","background-repeat":"repeat","background-position":"center center","background-size":"auto","background-attachment":"scroll","background-type":"","background-media":"","overlay-type":"","overlay-color":"","overlay-opacity":"","overlay-gradient":""},"tablet":{"background-color":"var(--ast-global-color-5)","background-image":"","background-repeat":"repeat","background-position":"center center","background-size":"auto","background-attachment":"scroll","background-type":"","background-media":"","overlay-type":"","overlay-color":"","overlay-opacity":"","overlay-gradient":""},"mobile":{"background-color":"var(--ast-global-color-5)","background-image":"","background-repeat":"repeat","background-position":"center center","background-size":"auto","background-attachment":"scroll","background-type":"","background-media":"","overlay-type":"","overlay-color":"","overlay-opacity":"","overlay-gradient":""}},"footnotes":""},"class_list":["post-88","page","type-page","status-publish","hentry"],"_links":{"self":[{"href":"http:\/\/brontosauripisne.cz\/index.php\/wp-json\/wp\/v2\/pages\/88"}],"collection":[{"href":"http:\/\/brontosauripisne.cz\/index.php\/wp-json\/wp\/v2\/pages"}],"about":[{"href":"http:\/\/brontosauripisne.cz\/index.php\/wp-json\/wp\/v2\/types\/page"}],"author":[{"embeddable":true,"href":"http:\/\/brontosauripisne.cz\/index.php\/wp-json\/wp\/v2\/users\/1"}],"replies":[{"embeddable":true,"href":"http:\/\/brontosauripisne.cz\/index.php\/wp-json\/wp\/v2\/comments?post=88"}],"version-history":[{"count":22,"href":"http:\/\/brontosauripisne.cz\/index.php\/wp-json\/wp\/v2\/pages\/88\/revisions"}],"predecessor-version":[{"id":557,"href":"http:\/\/brontosauripisne.cz\/index.php\/wp-json\/wp\/v2\/pages\/88\/revisions\/557"}],"wp:attachment":[{"href":"http:\/\/brontosauripisne.cz\/index.php\/wp-json\/wp\/v2\/media?parent=88"}],"curies":[{"name":"wp","href":"https:\/\/api.w.org\/{rel}","templated":true}]}}